{"id":702,"date":"2023-10-04T11:59:05","date_gmt":"2023-10-04T11:59:05","guid":{"rendered":"https:\/\/dr-ayed-sirine-medecin-dentistes.com\/?page_id=702"},"modified":"2023-10-04T12:05:53","modified_gmt":"2023-10-04T12:05:53","slug":"notre-cabinet-en-images","status":"publish","type":"page","link":"https:\/\/dr-ayed-sirine-medecin-dentistes.com\/index.php\/notre-cabinet-en-images\/","title":{"rendered":"Notre Cabinet en Images"},"content":{"rendered":"\n<div class=\"wp-block-columns is-layout-flex wp-container-core-columns-is-layout-9d6595d7 wp-block-columns-is-layout-flex\">\n<div class=\"wp-block-column is-layout-flow wp-block-column-is-layout-flow\" style=\"flex-basis:66.66%\"><\/div>\n<\/div>\n\n\n\n<p class=\"has-text-align-right\"><\/p>\n\n\n\n<!DOCTYPE html>\n<html>\n<head>\n    <title>Texte Justifi\u00e9 et Align\u00e9<\/title>\n<\/head>\n<body>\n    <div style=\"text-align: center;\">\n        <p style=\"text-align: justify;\">\n            Nous sommes enchant\u00e9s de vous offrir un regard privil\u00e9gi\u00e9 \u00e0 travers notre galerie de photos, vous permettant d&#8217;explorer visuellement notre cabinet dentaire. Ces images mettent en lumi\u00e8re notre environnement accueillant et contemporain, dans lequel nous nous engageons \u00e0 fournir des soins dentaires de la plus haute qualit\u00e9 \u00e0 nos pr\u00e9cieux patients. Notre objectif est que ces photographies capturent fid\u00e8lement notre d\u00e9vouement envers votre sant\u00e9 bucco-dentaire et vous donnent un aper\u00e7u de l&#8217;atmosph\u00e8re chaleureuse qui vous attend lors de votre visite chez nous. Explorez notre espace \u00e0 travers ces images et d\u00e9couvrez comment nous nous effor\u00e7ons de cr\u00e9er un cadre propice \u00e0 votre confort et \u00e0 votre bien-\u00eatre.\n        <\/p>\n    <\/div>\n<\/body>\n<\/html>\n\n\n\n\n<div class=\"wp-block-columns is-layout-flex wp-container-core-columns-is-layout-9d6595d7 wp-block-columns-is-layout-flex\">\n<div class=\"wp-block-column is-layout-flow wp-block-column-is-layout-flow\"><div class=\"wp-block-image is-style-rounded\">\n<figure class=\"aligncenter size-large is-resized\"><img loading=\"lazy\" decoding=\"async\" src=\"https:\/\/dr-ayed-sirine-medecin-dentistes.com\/wp-content\/uploads\/2023\/10\/IMG_0512-1024x919.jpeg\" alt=\"\" class=\"wp-image-704\" style=\"width:362px;height:325px\" width=\"362\" height=\"325\" srcset=\"https:\/\/dr-ayed-sirine-medecin-dentistes.com\/wp-content\/uploads\/2023\/10\/IMG_0512-1024x919.jpeg 1024w, https:\/\/dr-ayed-sirine-medecin-dentistes.com\/wp-content\/uploads\/2023\/10\/IMG_0512-300x269.jpeg 300w, https:\/\/dr-ayed-sirine-medecin-dentistes.com\/wp-content\/uploads\/2023\/10\/IMG_0512-768x689.jpeg 768w, https:\/\/dr-ayed-sirine-medecin-dentistes.com\/wp-content\/uploads\/2023\/10\/IMG_0512-1536x1379.jpeg 1536w, https:\/\/dr-ayed-sirine-medecin-dentistes.com\/wp-content\/uploads\/2023\/10\/IMG_0512-2048x1839.jpeg 2048w\" sizes=\"auto, (max-width: 362px) 100vw, 362px\" \/><\/figure>\n<\/div><\/div>\n\n\n\n<div class=\"wp-block-column is-layout-flow wp-block-column-is-layout-flow\"><div class=\"wp-block-image is-style-rounded\">\n<figure class=\"aligncenter size-large is-resized\"><img loading=\"lazy\" decoding=\"async\" src=\"https:\/\/dr-ayed-sirine-medecin-dentistes.com\/wp-content\/uploads\/2023\/10\/FullSizeRender-1024x768.jpeg\" alt=\"\" class=\"wp-image-705\" style=\"width:361px;height:271px\" width=\"361\" height=\"271\" srcset=\"https:\/\/dr-ayed-sirine-medecin-dentistes.com\/wp-content\/uploads\/2023\/10\/FullSizeRender-1024x768.jpeg 1024w, https:\/\/dr-ayed-sirine-medecin-dentistes.com\/wp-content\/uploads\/2023\/10\/FullSizeRender-300x225.jpeg 300w, https:\/\/dr-ayed-sirine-medecin-dentistes.com\/wp-content\/uploads\/2023\/10\/FullSizeRender-768x576.jpeg 768w, https:\/\/dr-ayed-sirine-medecin-dentistes.com\/wp-content\/uploads\/2023\/10\/FullSizeRender-1536x1152.jpeg 1536w, https:\/\/dr-ayed-sirine-medecin-dentistes.com\/wp-content\/uploads\/2023\/10\/FullSizeRender-2048x1536.jpeg 2048w\" sizes=\"auto, (max-width: 361px) 100vw, 361px\" \/><\/figure>\n<\/div><\/div>\n\n\n\n<div class=\"wp-block-column is-layout-flow wp-block-column-is-layout-flow\"><div class=\"wp-block-image is-style-rounded\">\n<figure class=\"aligncenter size-large is-resized\"><img loading=\"lazy\" decoding=\"async\" src=\"https:\/\/dr-ayed-sirine-medecin-dentistes.com\/wp-content\/uploads\/2023\/10\/IMG_0565-1024x959.jpeg\" alt=\"\" class=\"wp-image-706\" style=\"width:342px;height:320px\" width=\"342\" height=\"320\" srcset=\"https:\/\/dr-ayed-sirine-medecin-dentistes.com\/wp-content\/uploads\/2023\/10\/IMG_0565-1024x959.jpeg 1024w, https:\/\/dr-ayed-sirine-medecin-dentistes.com\/wp-content\/uploads\/2023\/10\/IMG_0565-300x281.jpeg 300w, https:\/\/dr-ayed-sirine-medecin-dentistes.com\/wp-content\/uploads\/2023\/10\/IMG_0565-768x719.jpeg 768w, https:\/\/dr-ayed-sirine-medecin-dentistes.com\/wp-content\/uploads\/2023\/10\/IMG_0565-1536x1438.jpeg 1536w, https:\/\/dr-ayed-sirine-medecin-dentistes.com\/wp-content\/uploads\/2023\/10\/IMG_0565-2048x1918.jpeg 2048w\" sizes=\"auto, (max-width: 342px) 100vw, 342px\" \/><\/figure>\n<\/div><\/div>\n<\/div>\n\n\n<div class=\"wp-block-image is-style-rounded\">\n<figure class=\"aligncenter size-large is-resized\"><img loading=\"lazy\" decoding=\"async\" src=\"https:\/\/dr-ayed-sirine-medecin-dentistes.com\/wp-content\/uploads\/2023\/10\/FullSizeRender-1-1024x768.jpeg\" alt=\"\" class=\"wp-image-707\" style=\"width:489px;height:367px\" width=\"489\" height=\"367\" srcset=\"https:\/\/dr-ayed-sirine-medecin-dentistes.com\/wp-content\/uploads\/2023\/10\/FullSizeRender-1-1024x768.jpeg 1024w, https:\/\/dr-ayed-sirine-medecin-dentistes.com\/wp-content\/uploads\/2023\/10\/FullSizeRender-1-300x225.jpeg 300w, https:\/\/dr-ayed-sirine-medecin-dentistes.com\/wp-content\/uploads\/2023\/10\/FullSizeRender-1-768x576.jpeg 768w, https:\/\/dr-ayed-sirine-medecin-dentistes.com\/wp-content\/uploads\/2023\/10\/FullSizeRender-1-1536x1152.jpeg 1536w, https:\/\/dr-ayed-sirine-medecin-dentistes.com\/wp-content\/uploads\/2023\/10\/FullSizeRender-1-2048x1536.jpeg 2048w\" sizes=\"auto, (max-width: 489px) 100vw, 489px\" \/><\/figure>\n<\/div>","protected":false},"excerpt":{"rendered":"<p>Texte Justifi\u00e9 et Align\u00e9 Nous sommes enchant\u00e9s de vous offrir un regard privil\u00e9gi\u00e9 \u00e0 travers notre galerie de photos, vous permettant d&#8217;explorer visuellement notre cabinet dentaire. Ces images mettent en lumi\u00e8re notre environnement accueillant et contemporain, dans lequel nous nous engageons \u00e0 fournir des soins dentaires de la plus haute qualit\u00e9 \u00e0 nos pr\u00e9cieux patients. [&hellip;]<\/p>\n","protected":false},"author":1,"featured_media":0,"parent":0,"menu_order":0,"comment_status":"closed","ping_status":"closed","template":"","meta":{"footnotes":""},"class_list":["post-702","page","type-page","status-publish","hentry"],"_links":{"self":[{"href":"https:\/\/dr-ayed-sirine-medecin-dentistes.com\/index.php\/wp-json\/wp\/v2\/pages\/702","targetHints":{"allow":["GET"]}}],"collection":[{"href":"https:\/\/dr-ayed-sirine-medecin-dentistes.com\/index.php\/wp-json\/wp\/v2\/pages"}],"about":[{"href":"https:\/\/dr-ayed-sirine-medecin-dentistes.com\/index.php\/wp-json\/wp\/v2\/types\/page"}],"author":[{"embeddable":true,"href":"https:\/\/dr-ayed-sirine-medecin-dentistes.com\/index.php\/wp-json\/wp\/v2\/users\/1"}],"replies":[{"embeddable":true,"href":"https:\/\/dr-ayed-sirine-medecin-dentistes.com\/index.php\/wp-json\/wp\/v2\/comments?post=702"}],"version-history":[{"count":10,"href":"https:\/\/dr-ayed-sirine-medecin-dentistes.com\/index.php\/wp-json\/wp\/v2\/pages\/702\/revisions"}],"predecessor-version":[{"id":719,"href":"https:\/\/dr-ayed-sirine-medecin-dentistes.com\/index.php\/wp-json\/wp\/v2\/pages\/702\/revisions\/719"}],"wp:attachment":[{"href":"https:\/\/dr-ayed-sirine-medecin-dentistes.com\/index.php\/wp-json\/wp\/v2\/media?parent=702"}],"curies":[{"name":"wp","href":"https:\/\/api.w.org\/{rel}","templated":true}]}}