{"id":495,"date":"2023-10-02T13:33:46","date_gmt":"2023-10-02T13:33:46","guid":{"rendered":"https:\/\/dr-ayed-sirine-medecin-dentistes.com\/?page_id=495"},"modified":"2023-10-30T01:00:16","modified_gmt":"2023-10-30T01:00:16","slug":"495-2","status":"publish","type":"page","link":"https:\/\/dr-ayed-sirine-medecin-dentistes.com\/index.php\/a-propos-de-nous\/495-2\/","title":{"rendered":"Occlusodontie"},"content":{"rendered":"\n<div class=\"wp-block-columns is-layout-flex wp-container-core-columns-is-layout-9d6595d7 wp-block-columns-is-layout-flex\">\n<div class=\"wp-block-column is-layout-flow wp-block-column-is-layout-flow\" style=\"flex-basis:66.66%\">\n<!DOCTYPE html>\n<html lang=\"fr\">\n<head>\n    <meta charset=\"UTF-8\">\n    <meta name=\"viewport\" content=\"width=device-width, initial-scale=1.0\">\n<\/head>\n<body>\n    <p style=\"text-align: justify;\">\n        L&#8217;occlusodontie est une sp\u00e9cialit\u00e9 dentaire qui se concentre sur l&#8217;\u00e9tude et le traitement des probl\u00e8mes li\u00e9s \u00e0 l&#8217;occlusion dentaire, c&#8217;est-\u00e0-dire la mani\u00e8re dont les dents sup\u00e9rieures et inf\u00e9rieures s&#8217;engr\u00e8nent lors de la fermeture de la bouche. Au Cabinet Dentaire du Dr. Sirine Ayed, nous proposons une gamme compl\u00e8te de services d&#8217;occlusodontie pour r\u00e9pondre \u00e0 vos besoins sp\u00e9cifiques.\n    <\/p>\n\n    <h2 style=\"text-align: justify;\">Goutti\u00e8res de Bruxisme<\/h2>\n    <p style=\"text-align: justify;\">\n        Le bruxisme est une habitude de grincement ou de serrement des dents, souvent involontaire, qui peut causer des dommages importants aux dents. Nous concevons des goutti\u00e8res sur mesure pour prot\u00e9ger vos dents contre le bruxisme nocturne, r\u00e9duisant ainsi l&#8217;usure dentaire et les douleurs faciales associ\u00e9es.\n    <\/p>\n\n    <h2 style=\"text-align: justify;\">Goutti\u00e8res de Relaxation<\/h2>\n    <p style=\"text-align: justify;\">\n        Les goutti\u00e8res de relaxation sont con\u00e7ues pour d\u00e9tendre les muscles de la m\u00e2choire et pr\u00e9venir le bruxisme. Elles peuvent \u00eatre particuli\u00e8rement utiles pour ceux qui ressentent du stress et de la tension dans la m\u00e2choire.\n    <\/p>\n\n    <h2 style=\"text-align: justify;\">Goutti\u00e8res des Joueurs Sportifs<\/h2>\n    <p style=\"text-align: justify;\">\n        Pour les athl\u00e8tes, la protection buccale est essentielle pour \u00e9viter les blessures lors de la pratique de certains sports. Nos goutti\u00e8res de protection sur mesure offrent une protection optimale pour les dents et les tissus mous de la bouche pendant l&#8217;exercice.\n    <\/p>\n\n    <h2 style=\"text-align: justify;\">Goutti\u00e8res de Fluoration<\/h2>\n    <p style=\"text-align: justify;\">\n        La fluoration est un traitement dentaire qui renforce l&#8217;\u00e9mail des dents pour les rendre plus r\u00e9sistantes aux caries. Nous proposons des goutti\u00e8res de fluoration pour une application pr\u00e9cise du fluor, favorisant ainsi une meilleure sant\u00e9 dentaire.\n    <\/p>\n\n    <p style=\"text-align: justify;\">\n        Nos services d&#8217;occlusodontie sont personnalis\u00e9s pour chaque patient, avec des solutions adapt\u00e9es \u00e0 leurs besoins sp\u00e9cifiques. Si vous souffrez de bruxisme, de tension musculaire de la m\u00e2choire ou si vous avez besoin de protection lors de la pratique sportive, notre \u00e9quipe d\u00e9di\u00e9e est l\u00e0 pour vous offrir des goutti\u00e8res sur mesure et des soins dentaires de haute qualit\u00e9.\n    <\/p>\n<\/body>\n<\/html>\n\n<\/div>\n\n\n\n<div class=\"wp-block-column is-layout-flow wp-block-column-is-layout-flow\"><\/div>\n\n\n\n<div class=\"wp-block-column is-layout-flow wp-block-column-is-layout-flow\" style=\"flex-basis:33.33%\"><div class=\"wp-block-image\">\n<figure class=\"aligncenter size-large is-resized has-custom-border\"><img loading=\"lazy\" decoding=\"async\" width=\"683\" height=\"1024\" src=\"https:\/\/dr-ayed-sirine-medecin-dentistes.com\/wp-content\/uploads\/2023\/10\/pexels-annushka-ahuja-7992149-683x1024.jpg\" alt=\"\" class=\"wp-image-501\" style=\"border-radius:26px;width:285px;height:427px\" srcset=\"https:\/\/dr-ayed-sirine-medecin-dentistes.com\/wp-content\/uploads\/2023\/10\/pexels-annushka-ahuja-7992149-683x1024.jpg 683w, https:\/\/dr-ayed-sirine-medecin-dentistes.com\/wp-content\/uploads\/2023\/10\/pexels-annushka-ahuja-7992149-200x300.jpg 200w, https:\/\/dr-ayed-sirine-medecin-dentistes.com\/wp-content\/uploads\/2023\/10\/pexels-annushka-ahuja-7992149-768x1152.jpg 768w, https:\/\/dr-ayed-sirine-medecin-dentistes.com\/wp-content\/uploads\/2023\/10\/pexels-annushka-ahuja-7992149-1024x1536.jpg 1024w, https:\/\/dr-ayed-sirine-medecin-dentistes.com\/wp-content\/uploads\/2023\/10\/pexels-annushka-ahuja-7992149-1365x2048.jpg 1365w, https:\/\/dr-ayed-sirine-medecin-dentistes.com\/wp-content\/uploads\/2023\/10\/pexels-annushka-ahuja-7992149-scaled.jpg 1707w\" sizes=\"auto, (max-width: 683px) 100vw, 683px\" \/><\/figure>\n<\/div>\n\n<div class=\"wp-block-image\">\n<figure class=\"aligncenter size-large is-resized has-custom-border\"><img loading=\"lazy\" decoding=\"async\" width=\"1024\" height=\"815\" src=\"https:\/\/dr-ayed-sirine-medecin-dentistes.com\/wp-content\/uploads\/2023\/10\/pexels-arvind-philomin-11887613-1024x815.jpg\" alt=\"\" class=\"wp-image-502\" style=\"border-radius:44px;width:353px;height:281px\" srcset=\"https:\/\/dr-ayed-sirine-medecin-dentistes.com\/wp-content\/uploads\/2023\/10\/pexels-arvind-philomin-11887613-1024x815.jpg 1024w, https:\/\/dr-ayed-sirine-medecin-dentistes.com\/wp-content\/uploads\/2023\/10\/pexels-arvind-philomin-11887613-300x239.jpg 300w, https:\/\/dr-ayed-sirine-medecin-dentistes.com\/wp-content\/uploads\/2023\/10\/pexels-arvind-philomin-11887613-768x611.jpg 768w, https:\/\/dr-ayed-sirine-medecin-dentistes.com\/wp-content\/uploads\/2023\/10\/pexels-arvind-philomin-11887613-1536x1222.jpg 1536w, https:\/\/dr-ayed-sirine-medecin-dentistes.com\/wp-content\/uploads\/2023\/10\/pexels-arvind-philomin-11887613-2048x1630.jpg 2048w\" sizes=\"auto, (max-width: 1024px) 100vw, 1024px\" \/><\/figure>\n<\/div><\/div>\n<\/div>\n","protected":false},"excerpt":{"rendered":"<p>L&#8217;occlusodontie est une sp\u00e9cialit\u00e9 dentaire qui se concentre sur l&#8217;\u00e9tude et le traitement des probl\u00e8mes li\u00e9s \u00e0 l&#8217;occlusion dentaire, c&#8217;est-\u00e0-dire la mani\u00e8re dont les dents sup\u00e9rieures et inf\u00e9rieures s&#8217;engr\u00e8nent lors de la fermeture de la bouche. Au Cabinet Dentaire du Dr. Sirine Ayed, nous proposons une gamme compl\u00e8te de services d&#8217;occlusodontie pour r\u00e9pondre \u00e0 vos [&hellip;]<\/p>\n","protected":false},"author":1,"featured_media":0,"parent":19,"menu_order":7,"comment_status":"closed","ping_status":"closed","template":"","meta":{"footnotes":""},"class_list":["post-495","page","type-page","status-publish","hentry"],"_links":{"self":[{"href":"https:\/\/dr-ayed-sirine-medecin-dentistes.com\/index.php\/wp-json\/wp\/v2\/pages\/495","targetHints":{"allow":["GET"]}}],"collection":[{"href":"https:\/\/dr-ayed-sirine-medecin-dentistes.com\/index.php\/wp-json\/wp\/v2\/pages"}],"about":[{"href":"https:\/\/dr-ayed-sirine-medecin-dentistes.com\/index.php\/wp-json\/wp\/v2\/types\/page"}],"author":[{"embeddable":true,"href":"https:\/\/dr-ayed-sirine-medecin-dentistes.com\/index.php\/wp-json\/wp\/v2\/users\/1"}],"replies":[{"embeddable":true,"href":"https:\/\/dr-ayed-sirine-medecin-dentistes.com\/index.php\/wp-json\/wp\/v2\/comments?post=495"}],"version-history":[{"count":12,"href":"https:\/\/dr-ayed-sirine-medecin-dentistes.com\/index.php\/wp-json\/wp\/v2\/pages\/495\/revisions"}],"predecessor-version":[{"id":769,"href":"https:\/\/dr-ayed-sirine-medecin-dentistes.com\/index.php\/wp-json\/wp\/v2\/pages\/495\/revisions\/769"}],"up":[{"embeddable":true,"href":"https:\/\/dr-ayed-sirine-medecin-dentistes.com\/index.php\/wp-json\/wp\/v2\/pages\/19"}],"wp:attachment":[{"href":"https:\/\/dr-ayed-sirine-medecin-dentistes.com\/index.php\/wp-json\/wp\/v2\/media?parent=495"}],"curies":[{"name":"wp","href":"https:\/\/api.w.org\/{rel}","templated":true}]}}