{"id":448,"date":"2023-10-02T12:33:11","date_gmt":"2023-10-02T12:33:11","guid":{"rendered":"https:\/\/dr-ayed-sirine-medecin-dentistes.com\/?page_id=448"},"modified":"2023-10-04T11:19:07","modified_gmt":"2023-10-04T11:19:07","slug":"implantologie-dentaire","status":"publish","type":"page","link":"https:\/\/dr-ayed-sirine-medecin-dentistes.com\/index.php\/a-propos-de-nous\/implantologie-dentaire\/","title":{"rendered":"Implantologie Dentaire"},"content":{"rendered":"\n<div class=\"wp-block-columns is-layout-flex wp-container-core-columns-is-layout-9d6595d7 wp-block-columns-is-layout-flex\">\n<div class=\"wp-block-column is-layout-flow wp-block-column-is-layout-flow\" style=\"flex-basis:66.66%\">\n<!DOCTYPE html>\n<html>\n<head>\n<style>\n  p {\n    text-align: justify;\n  }\n<\/style>\n<\/head>\n<body>\n\n<p><strong>Implantologie Dentaire :<\/strong> L&#8217;implantologie dentaire est une sp\u00e9cialit\u00e9 de pointe qui offre des solutions permanentes pour remplacer des dents manquantes. Notre cabinet dentaire propose la pose d&#8217;implants dentaires, une proc\u00e9dure \u00e9prouv\u00e9e et efficace. Voici ce que vous pouvez attendre de nos services d&#8217;implantologie dentaire :<\/p>\n\n<p><strong>Consultation Approfondie :<\/strong> Avant de proc\u00e9der \u00e0 la pose d&#8217;implants dentaires, nous effectuons une consultation d\u00e9taill\u00e9e pour \u00e9valuer votre sant\u00e9 bucco-dentaire, votre densit\u00e9 osseuse et vos besoins sp\u00e9cifiques. Nous \u00e9laborons ensuite un plan de traitement personnalis\u00e9.<\/p>\n\n<p><strong>Pose d&#8217;Implants :<\/strong> Lors de la pose d&#8217;implants dentaires, nos chirurgiens exp\u00e9riment\u00e9s ins\u00e8rent des implants en titane biocompatibles dans l&#8217;os de la m\u00e2choire. Ces implants servent de bases solides aux restaurations futures, telles que des couronnes, des ponts ou des proth\u00e8ses dentaires compl\u00e8tes.<\/p>\n\n<p><strong>Restaurations Personnalis\u00e9es :<\/strong> Apr\u00e8s la cicatrisation, nous concevons des restaurations dentaires sur mesure qui se fixent solidement sur les implants. Ces restaurations sont con\u00e7ues pour \u00eatre esth\u00e9tiquement agr\u00e9ables et fonctionnelles, offrant un sourire naturel et une mastication efficace.<\/p>\n\n<p><strong>Avantages Durables :<\/strong> Les implants dentaires sont une solution durable pour remplacer des dents manquantes. Ils ressemblent et fonctionnent comme des dents naturelles, vous permettant de retrouver une qualit\u00e9 de vie optimale.<\/p>\n\n<p>Que ce soit pour des proth\u00e8ses dentaires amovibles ou fixes, ou pour la pose d&#8217;implants dentaires, notre \u00e9quipe d\u00e9di\u00e9e est r\u00e9solue \u00e0 vous offrir des soins dentaires de haute qualit\u00e9. Nous nous engageons \u00e0 restaurer votre sourire.<\/p>\n\n<\/body>\n<\/html>\n<\/div>\n\n\n\n<div class=\"wp-block-column is-layout-flow wp-block-column-is-layout-flow\"><\/div>\n\n\n\n<div class=\"wp-block-column is-layout-flow wp-block-column-is-layout-flow\" style=\"flex-basis:33.33%\"><div class=\"wp-block-image is-style-rounded\">\n<figure class=\"aligncenter size-large is-resized has-custom-border\"><img loading=\"lazy\" decoding=\"async\" src=\"https:\/\/dr-ayed-sirine-medecin-dentistes.com\/wp-content\/uploads\/2023\/10\/young-man-with-toothy-smile-demonstrating-his-dental-implant-1024x681.jpg\" alt=\"\" class=\"wp-image-452\" style=\"border-radius:100px;width:317px;height:211px\" width=\"317\" height=\"211\" srcset=\"https:\/\/dr-ayed-sirine-medecin-dentistes.com\/wp-content\/uploads\/2023\/10\/young-man-with-toothy-smile-demonstrating-his-dental-implant-1024x681.jpg 1024w, https:\/\/dr-ayed-sirine-medecin-dentistes.com\/wp-content\/uploads\/2023\/10\/young-man-with-toothy-smile-demonstrating-his-dental-implant-300x200.jpg 300w, https:\/\/dr-ayed-sirine-medecin-dentistes.com\/wp-content\/uploads\/2023\/10\/young-man-with-toothy-smile-demonstrating-his-dental-implant-768x511.jpg 768w, https:\/\/dr-ayed-sirine-medecin-dentistes.com\/wp-content\/uploads\/2023\/10\/young-man-with-toothy-smile-demonstrating-his-dental-implant-1536x1022.jpg 1536w, https:\/\/dr-ayed-sirine-medecin-dentistes.com\/wp-content\/uploads\/2023\/10\/young-man-with-toothy-smile-demonstrating-his-dental-implant-2048x1363.jpg 2048w\" sizes=\"auto, (max-width: 317px) 100vw, 317px\" \/><\/figure>\n<\/div>\n\n<div class=\"wp-block-image is-style-rounded\">\n<figure class=\"aligncenter size-large is-resized has-custom-border\"><img loading=\"lazy\" decoding=\"async\" src=\"http:\/\/dr-ayed-sirine-medecin-dentistes.com\/wp-content\/uploads\/2023\/10\/15064-1024x819.jpg\" alt=\"\" class=\"wp-image-451\" style=\"border-width:3px;border-radius:86px;width:280px;height:224px\" width=\"280\" height=\"224\" srcset=\"https:\/\/dr-ayed-sirine-medecin-dentistes.com\/wp-content\/uploads\/2023\/10\/15064-1024x819.jpg 1024w, https:\/\/dr-ayed-sirine-medecin-dentistes.com\/wp-content\/uploads\/2023\/10\/15064-300x240.jpg 300w, https:\/\/dr-ayed-sirine-medecin-dentistes.com\/wp-content\/uploads\/2023\/10\/15064-768x614.jpg 768w, https:\/\/dr-ayed-sirine-medecin-dentistes.com\/wp-content\/uploads\/2023\/10\/15064-1536x1229.jpg 1536w, https:\/\/dr-ayed-sirine-medecin-dentistes.com\/wp-content\/uploads\/2023\/10\/15064-2048x1638.jpg 2048w\" sizes=\"auto, (max-width: 280px) 100vw, 280px\" \/><\/figure>\n<\/div><\/div>\n<\/div>\n\n\n\n<div class=\"wp-block-columns is-layout-flex wp-container-core-columns-is-layout-9d6595d7 wp-block-columns-is-layout-flex\">\n<div class=\"wp-block-column is-vertically-aligned-center is-layout-flow wp-block-column-is-layout-flow\"><\/div>\n<\/div>\n","protected":false},"excerpt":{"rendered":"<p>Implantologie Dentaire : L&#8217;implantologie dentaire est une sp\u00e9cialit\u00e9 de pointe qui offre des solutions permanentes pour remplacer des dents manquantes. Notre cabinet dentaire propose la pose d&#8217;implants dentaires, une proc\u00e9dure \u00e9prouv\u00e9e et efficace. Voici ce que vous pouvez attendre de nos services d&#8217;implantologie dentaire : Consultation Approfondie : Avant de proc\u00e9der \u00e0 la pose d&#8217;implants [&hellip;]<\/p>\n","protected":false},"author":1,"featured_media":0,"parent":19,"menu_order":6,"comment_status":"closed","ping_status":"closed","template":"","meta":{"footnotes":""},"class_list":["post-448","page","type-page","status-publish","hentry"],"_links":{"self":[{"href":"https:\/\/dr-ayed-sirine-medecin-dentistes.com\/index.php\/wp-json\/wp\/v2\/pages\/448","targetHints":{"allow":["GET"]}}],"collection":[{"href":"https:\/\/dr-ayed-sirine-medecin-dentistes.com\/index.php\/wp-json\/wp\/v2\/pages"}],"about":[{"href":"https:\/\/dr-ayed-sirine-medecin-dentistes.com\/index.php\/wp-json\/wp\/v2\/types\/page"}],"author":[{"embeddable":true,"href":"https:\/\/dr-ayed-sirine-medecin-dentistes.com\/index.php\/wp-json\/wp\/v2\/users\/1"}],"replies":[{"embeddable":true,"href":"https:\/\/dr-ayed-sirine-medecin-dentistes.com\/index.php\/wp-json\/wp\/v2\/comments?post=448"}],"version-history":[{"count":12,"href":"https:\/\/dr-ayed-sirine-medecin-dentistes.com\/index.php\/wp-json\/wp\/v2\/pages\/448\/revisions"}],"predecessor-version":[{"id":676,"href":"https:\/\/dr-ayed-sirine-medecin-dentistes.com\/index.php\/wp-json\/wp\/v2\/pages\/448\/revisions\/676"}],"up":[{"embeddable":true,"href":"https:\/\/dr-ayed-sirine-medecin-dentistes.com\/index.php\/wp-json\/wp\/v2\/pages\/19"}],"wp:attachment":[{"href":"https:\/\/dr-ayed-sirine-medecin-dentistes.com\/index.php\/wp-json\/wp\/v2\/media?parent=448"}],"curies":[{"name":"wp","href":"https:\/\/api.w.org\/{rel}","templated":true}]}}