{"id":435,"date":"2023-10-02T12:15:19","date_gmt":"2023-10-02T12:15:19","guid":{"rendered":"https:\/\/dr-ayed-sirine-medecin-dentistes.com\/?page_id=435"},"modified":"2023-10-04T11:15:52","modified_gmt":"2023-10-04T11:15:52","slug":"protheses-dentaires","status":"publish","type":"page","link":"https:\/\/dr-ayed-sirine-medecin-dentistes.com\/index.php\/a-propos-de-nous\/protheses-dentaires\/","title":{"rendered":"Proth\u00e8ses Dentaires"},"content":{"rendered":"\n<div class=\"wp-block-columns is-layout-flex wp-container-core-columns-is-layout-9d6595d7 wp-block-columns-is-layout-flex\">\n<div class=\"wp-block-column is-layout-flow wp-block-column-is-layout-flow\" style=\"flex-basis:66.66%\">\n<!DOCTYPE html>\n<html>\n<head>\n<style>\n  p {\n    text-align: justify;\n  }\n<\/style>\n<\/head>\n<body>\n\n\n<p>Les proth\u00e8ses dentaires, offertes par notre cabinet dentaire, sont des dispositifs dentaires hautement personnalis\u00e9s et adapt\u00e9s aux besoins individuels de nos patients. Ces proth\u00e8ses sont con\u00e7ues pour remplacer des dents manquantes, restaurer la fonction de mastication et am\u00e9liorer l&#8217;esth\u00e9tique du sourire. Nous proposons deux types de proth\u00e8ses dentaires :<\/p>\n\n<p><strong>Proth\u00e8ses Dentaires Amovibles :<\/strong> Ces proth\u00e8ses sont con\u00e7ues pour \u00eatre retir\u00e9es et replac\u00e9es par le patient. Elles sont id\u00e9ales pour ceux qui ont besoin de remplacer plusieurs dents ou une arcade compl\u00e8te. Nos proth\u00e8ses amovibles sont fabriqu\u00e9es sur mesure pour un ajustement parfait et un confort maximal.<\/p>\n\n<p><strong>Proth\u00e8ses Dentaires Fixes :<\/strong> Les proth\u00e8ses dentaires fixes, telles que les couronnes, les ponts et les restaurations implanto-port\u00e9es, sont con\u00e7ues pour \u00eatre permanentes et offrir une solution solide et stable pour remplacer des dents manquantes. Elles sont fix\u00e9es en place de mani\u00e8re s\u00e9curis\u00e9e et ressemblent \u00e0 des dents naturelles, offrant une esth\u00e9tique exceptionnelle.<\/p>\n\n<p>Nos proth\u00e8ses dentaires sont fabriqu\u00e9es avec des mat\u00e9riaux de haute qualit\u00e9 et sont personnalis\u00e9es pour correspondre \u00e0 la forme, \u00e0 la teinte et \u00e0 la fonction de vos dents naturelles. Nous visons \u00e0 restaurer votre sourire et \u00e0 am\u00e9liorer votre qualit\u00e9 de vie en r\u00e9tablissant la capacit\u00e9 de mastication et la confiance en vous.<\/p>\n\n<\/body>\n<\/html>\n\n\n<div class=\"wp-block-image is-style-rounded\">\n<figure class=\"aligncenter size-large is-resized has-custom-border\"><img loading=\"lazy\" decoding=\"async\" src=\"http:\/\/dr-ayed-sirine-medecin-dentistes.com\/wp-content\/uploads\/2023\/10\/artificial-teeth-full-mouth-dental-office-1024x683.jpg\" alt=\"\" class=\"wp-image-437\" style=\"border-style:none;border-width:0px;border-radius:79px;width:353px;height:236px\" width=\"353\" height=\"236\" srcset=\"https:\/\/dr-ayed-sirine-medecin-dentistes.com\/wp-content\/uploads\/2023\/10\/artificial-teeth-full-mouth-dental-office-1024x683.jpg 1024w, https:\/\/dr-ayed-sirine-medecin-dentistes.com\/wp-content\/uploads\/2023\/10\/artificial-teeth-full-mouth-dental-office-300x200.jpg 300w, https:\/\/dr-ayed-sirine-medecin-dentistes.com\/wp-content\/uploads\/2023\/10\/artificial-teeth-full-mouth-dental-office-768x512.jpg 768w, https:\/\/dr-ayed-sirine-medecin-dentistes.com\/wp-content\/uploads\/2023\/10\/artificial-teeth-full-mouth-dental-office-1536x1024.jpg 1536w, https:\/\/dr-ayed-sirine-medecin-dentistes.com\/wp-content\/uploads\/2023\/10\/artificial-teeth-full-mouth-dental-office-2048x1365.jpg 2048w\" sizes=\"auto, (max-width: 353px) 100vw, 353px\" \/><\/figure>\n<\/div><\/div>\n\n\n\n<div class=\"wp-block-column is-layout-flow wp-block-column-is-layout-flow\"><\/div>\n\n\n\n<div class=\"wp-block-column is-layout-flow wp-block-column-is-layout-flow\" style=\"flex-basis:33.33%\">\n<figure class=\"wp-block-image size-large is-resized has-custom-border\"><img loading=\"lazy\" decoding=\"async\" src=\"http:\/\/dr-ayed-sirine-medecin-dentistes.com\/wp-content\/uploads\/2023\/10\/happy-woman-with-pen-notebook-looking-smiling-683x1024.jpg\" alt=\"\" class=\"wp-image-444\" style=\"border-radius:50px;width:272px;height:408px\" width=\"272\" height=\"408\" srcset=\"https:\/\/dr-ayed-sirine-medecin-dentistes.com\/wp-content\/uploads\/2023\/10\/happy-woman-with-pen-notebook-looking-smiling-683x1024.jpg 683w, https:\/\/dr-ayed-sirine-medecin-dentistes.com\/wp-content\/uploads\/2023\/10\/happy-woman-with-pen-notebook-looking-smiling-200x300.jpg 200w, https:\/\/dr-ayed-sirine-medecin-dentistes.com\/wp-content\/uploads\/2023\/10\/happy-woman-with-pen-notebook-looking-smiling-768x1152.jpg 768w, https:\/\/dr-ayed-sirine-medecin-dentistes.com\/wp-content\/uploads\/2023\/10\/happy-woman-with-pen-notebook-looking-smiling-1024x1536.jpg 1024w, https:\/\/dr-ayed-sirine-medecin-dentistes.com\/wp-content\/uploads\/2023\/10\/happy-woman-with-pen-notebook-looking-smiling-1365x2048.jpg 1365w, https:\/\/dr-ayed-sirine-medecin-dentistes.com\/wp-content\/uploads\/2023\/10\/happy-woman-with-pen-notebook-looking-smiling-scaled.jpg 1707w\" sizes=\"auto, (max-width: 272px) 100vw, 272px\" \/><\/figure>\n<\/div>\n<\/div>\n\n\n\n<div class=\"wp-block-columns is-layout-flex wp-container-core-columns-is-layout-9d6595d7 wp-block-columns-is-layout-flex\">\n<div class=\"wp-block-column is-vertically-aligned-center is-layout-flow wp-block-column-is-layout-flow\"><\/div>\n<\/div>\n","protected":false},"excerpt":{"rendered":"<p>Les proth\u00e8ses dentaires, offertes par notre cabinet dentaire, sont des dispositifs dentaires hautement personnalis\u00e9s et adapt\u00e9s aux besoins individuels de nos patients. Ces proth\u00e8ses sont con\u00e7ues pour remplacer des dents manquantes, restaurer la fonction de mastication et am\u00e9liorer l&#8217;esth\u00e9tique du sourire. Nous proposons deux types de proth\u00e8ses dentaires : Proth\u00e8ses Dentaires Amovibles : Ces proth\u00e8ses [&hellip;]<\/p>\n","protected":false},"author":1,"featured_media":0,"parent":19,"menu_order":5,"comment_status":"closed","ping_status":"closed","template":"","meta":{"footnotes":""},"class_list":["post-435","page","type-page","status-publish","hentry"],"_links":{"self":[{"href":"https:\/\/dr-ayed-sirine-medecin-dentistes.com\/index.php\/wp-json\/wp\/v2\/pages\/435","targetHints":{"allow":["GET"]}}],"collection":[{"href":"https:\/\/dr-ayed-sirine-medecin-dentistes.com\/index.php\/wp-json\/wp\/v2\/pages"}],"about":[{"href":"https:\/\/dr-ayed-sirine-medecin-dentistes.com\/index.php\/wp-json\/wp\/v2\/types\/page"}],"author":[{"embeddable":true,"href":"https:\/\/dr-ayed-sirine-medecin-dentistes.com\/index.php\/wp-json\/wp\/v2\/users\/1"}],"replies":[{"embeddable":true,"href":"https:\/\/dr-ayed-sirine-medecin-dentistes.com\/index.php\/wp-json\/wp\/v2\/comments?post=435"}],"version-history":[{"count":16,"href":"https:\/\/dr-ayed-sirine-medecin-dentistes.com\/index.php\/wp-json\/wp\/v2\/pages\/435\/revisions"}],"predecessor-version":[{"id":668,"href":"https:\/\/dr-ayed-sirine-medecin-dentistes.com\/index.php\/wp-json\/wp\/v2\/pages\/435\/revisions\/668"}],"up":[{"embeddable":true,"href":"https:\/\/dr-ayed-sirine-medecin-dentistes.com\/index.php\/wp-json\/wp\/v2\/pages\/19"}],"wp:attachment":[{"href":"https:\/\/dr-ayed-sirine-medecin-dentistes.com\/index.php\/wp-json\/wp\/v2\/media?parent=435"}],"curies":[{"name":"wp","href":"https:\/\/api.w.org\/{rel}","templated":true}]}}