{"id":383,"date":"2023-10-02T01:00:38","date_gmt":"2023-10-02T01:00:38","guid":{"rendered":"https:\/\/dr-ayed-sirine-medecin-dentistes.com\/?page_id=383"},"modified":"2023-10-04T11:11:57","modified_gmt":"2023-10-04T11:11:57","slug":"chirurgie-dentaire","status":"publish","type":"page","link":"https:\/\/dr-ayed-sirine-medecin-dentistes.com\/index.php\/a-propos-de-nous\/chirurgie-dentaire\/","title":{"rendered":"Chirurgie Dentaire"},"content":{"rendered":"\n<div class=\"wp-block-columns is-layout-flex wp-container-core-columns-is-layout-9d6595d7 wp-block-columns-is-layout-flex\">\n<div class=\"wp-block-column is-layout-flow wp-block-column-is-layout-flow\" style=\"flex-basis:66.66%\">\n<!DOCTYPE html>\n<html>\n<head>\n<\/head>\n<body>\n  <p style=\"text-align: justify;\">\n    Notre cabinet dentaire propose une gamme compl\u00e8te de services de chirurgie dentaire pour r\u00e9pondre \u00e0 vos besoins sp\u00e9cifiques. Parmi nos offres, vous trouverez les suivantes :\n  <\/p>\n\n  <h2>Extractions Dentaires :<\/h2>\n  <p style=\"text-align: justify;\">\n    Les extractions dentaires consistent \u00e0 retirer une ou plusieurs dents lorsque celles-ci sont gravement endommag\u00e9es, infect\u00e9es ou lorsque leur extraction est n\u00e9cessaire pour cr\u00e9er de l&#8217;espace en vue d&#8217;autres traitements. Notre \u00e9quipe de chirurgiens dentaires exp\u00e9riment\u00e9s assure des extractions dentaires en toute s\u00e9curit\u00e9, minimisant l&#8217;inconfort et les complications post-op\u00e9ratoires. Que ce soit pour extraire une dent de sagesse, une dent endommag\u00e9e ou pour pr\u00e9parer votre bouche \u00e0 une proth\u00e8se dentaire, nous veillons \u00e0 ce que cette proc\u00e9dure soit r\u00e9alis\u00e9e avec pr\u00e9cision et professionnalisme.\n  <\/p>\n\n  <h2>Traitement du Canal Dentaire :<\/h2>\n  <p style=\"text-align: justify;\">\n    Le traitement du canal dentaire, \u00e9galement connu sous le nom de d\u00e9vitalisation, est une proc\u00e9dure essentielle pour sauver une dent qui serait autrement perdue en raison d&#8217;une infection de la pulpe dentaire. Cette intervention implique l&#8217;\u00e9limination de l&#8217;infection, le nettoyage en profondeur du canal, et le scellement pour emp\u00eacher toute r\u00e9infection. Notre \u00e9quipe dentaire comp\u00e9tente est \u00e9quip\u00e9e pour effectuer cette proc\u00e9dure avec pr\u00e9cision, pr\u00e9servant ainsi votre dent naturelle et soulageant la douleur associ\u00e9e aux infections dentaires.\n  <\/p>\n\n  <h2>Pi\u00e9zochirurgie :<\/h2>\n  <p style=\"text-align: justify;\">\n    La pi\u00e9zochirurgie est une technique de pointe en chirurgie dentaire qui utilise des ultrasons pour effectuer des extractions dentaires moins invasives et plus pr\u00e9cises. Cette approche r\u00e9duit les dommages aux tissus environnants, minimisant l&#8217;enflure et les saignements post-op\u00e9ratoires. La pi\u00e9zochirurgie est particuli\u00e8rement b\u00e9n\u00e9fique pour les patients souhaitant une r\u00e9cup\u00e9ration plus rapide et moins d&#8217;inconfort apr\u00e8s une extraction dentaire.\n  <\/p>\n<\/body>\n<\/html>\n\n\n<\/div>\n\n\n\n<div class=\"wp-block-column is-layout-flow wp-block-column-is-layout-flow\"><\/div>\n\n\n\n<div class=\"wp-block-column is-layout-flow wp-block-column-is-layout-flow\" style=\"flex-basis:33.33%\"><div class=\"wp-block-image is-style-rounded\">\n<figure class=\"aligncenter size-large is-resized has-custom-border\"><img loading=\"lazy\" decoding=\"async\" src=\"https:\/\/dr-ayed-sirine-medecin-dentistes.com\/wp-content\/uploads\/2023\/10\/fdpu_mpkw_220301-895x1024.jpg\" alt=\"\" class=\"wp-image-388\" style=\"border-width:1px;border-radius:22px;width:381px;height:436px\" width=\"381\" height=\"436\" srcset=\"https:\/\/dr-ayed-sirine-medecin-dentistes.com\/wp-content\/uploads\/2023\/10\/fdpu_mpkw_220301-895x1024.jpg 895w, https:\/\/dr-ayed-sirine-medecin-dentistes.com\/wp-content\/uploads\/2023\/10\/fdpu_mpkw_220301-262x300.jpg 262w, https:\/\/dr-ayed-sirine-medecin-dentistes.com\/wp-content\/uploads\/2023\/10\/fdpu_mpkw_220301-768x879.jpg 768w, https:\/\/dr-ayed-sirine-medecin-dentistes.com\/wp-content\/uploads\/2023\/10\/fdpu_mpkw_220301-1342x1536.jpg 1342w, https:\/\/dr-ayed-sirine-medecin-dentistes.com\/wp-content\/uploads\/2023\/10\/fdpu_mpkw_220301-1790x2048.jpg 1790w\" sizes=\"auto, (max-width: 381px) 100vw, 381px\" \/><\/figure>\n<\/div><\/div>\n<\/div>\n\n\n\n<p class=\"has-text-align-right\"><\/p>\n\n\n\n<h2>Chirurgies Parodontales :<\/h2>\n  <p style=\"text-align: justify;\">\n    Les chirurgies parodontales sont sp\u00e9cifiquement con\u00e7ues pour traiter les probl\u00e8mes des gencives et des tissus mous buccaux. Elles visent \u00e0 corriger les maladies des gencives, \u00e0 traiter la r\u00e9cession gingivale et \u00e0 r\u00e9aliser des greffes de gencives pour renforcer la sant\u00e9 des tissus mous. Nos chirurgiens parodontaux comp\u00e9tents sont d\u00e9di\u00e9s \u00e0 restaurer la sant\u00e9 de vos gencives, \u00e0 stabiliser les dents et \u00e0 pr\u00e9venir toute perte osseuse. Les chirurgies parodontales contribuent \u00e0 am\u00e9liorer la sant\u00e9 globale de votre bouche.\n  <\/p>\n\n  <p style=\"text-align: justify;\">\n    Que ce soit pour des extractions dentaires, un traitement du canal dentaire, la pi\u00e9zochirurgie ou des chirurgies parodontales, notre \u00e9quipe de sp\u00e9cialistes en chirurgie dentaire est pr\u00eate \u00e0 vous offrir des soins dentaires de haute qualit\u00e9. Nous mettons l&#8217;accent sur votre confort, votre s\u00e9curit\u00e9 et votre bien-\u00eatre oral.\n  <\/p>\n\n\n\n<div class=\"wp-block-columns is-layout-flex wp-container-core-columns-is-layout-9d6595d7 wp-block-columns-is-layout-flex\">\n<div class=\"wp-block-column is-layout-flow wp-block-column-is-layout-flow\">\n<figure class=\"wp-block-image size-large has-custom-border\"><img loading=\"lazy\" decoding=\"async\" width=\"1024\" height=\"683\" src=\"http:\/\/dr-ayed-sirine-medecin-dentistes.com\/wp-content\/uploads\/2023\/10\/woman-having-teeth-examined-dentists-1024x683.jpg\" alt=\"\" class=\"wp-image-413\" style=\"border-style:none;border-width:0px;border-radius:18px\" srcset=\"https:\/\/dr-ayed-sirine-medecin-dentistes.com\/wp-content\/uploads\/2023\/10\/woman-having-teeth-examined-dentists-1024x683.jpg 1024w, https:\/\/dr-ayed-sirine-medecin-dentistes.com\/wp-content\/uploads\/2023\/10\/woman-having-teeth-examined-dentists-300x200.jpg 300w, https:\/\/dr-ayed-sirine-medecin-dentistes.com\/wp-content\/uploads\/2023\/10\/woman-having-teeth-examined-dentists-768x512.jpg 768w, https:\/\/dr-ayed-sirine-medecin-dentistes.com\/wp-content\/uploads\/2023\/10\/woman-having-teeth-examined-dentists-1536x1024.jpg 1536w, https:\/\/dr-ayed-sirine-medecin-dentistes.com\/wp-content\/uploads\/2023\/10\/woman-having-teeth-examined-dentists-2048x1365.jpg 2048w\" sizes=\"auto, (max-width: 1024px) 100vw, 1024px\" \/><\/figure>\n<\/div>\n\n\n\n<div class=\"wp-block-column is-layout-flow wp-block-column-is-layout-flow\">\n<figure class=\"wp-block-image size-large has-custom-border\"><img loading=\"lazy\" decoding=\"async\" width=\"1024\" height=\"683\" src=\"http:\/\/dr-ayed-sirine-medecin-dentistes.com\/wp-content\/uploads\/2023\/10\/model-tooth-dentist-doctor-shows-patient-tooth-reception-dentist-s-office-1024x683.jpg\" alt=\"\" class=\"wp-image-422\" style=\"border-style:none;border-width:0px;border-radius:15px\" srcset=\"https:\/\/dr-ayed-sirine-medecin-dentistes.com\/wp-content\/uploads\/2023\/10\/model-tooth-dentist-doctor-shows-patient-tooth-reception-dentist-s-office-1024x683.jpg 1024w, https:\/\/dr-ayed-sirine-medecin-dentistes.com\/wp-content\/uploads\/2023\/10\/model-tooth-dentist-doctor-shows-patient-tooth-reception-dentist-s-office-300x200.jpg 300w, https:\/\/dr-ayed-sirine-medecin-dentistes.com\/wp-content\/uploads\/2023\/10\/model-tooth-dentist-doctor-shows-patient-tooth-reception-dentist-s-office-768x512.jpg 768w, https:\/\/dr-ayed-sirine-medecin-dentistes.com\/wp-content\/uploads\/2023\/10\/model-tooth-dentist-doctor-shows-patient-tooth-reception-dentist-s-office-1536x1024.jpg 1536w, https:\/\/dr-ayed-sirine-medecin-dentistes.com\/wp-content\/uploads\/2023\/10\/model-tooth-dentist-doctor-shows-patient-tooth-reception-dentist-s-office-2048x1365.jpg 2048w\" sizes=\"auto, (max-width: 1024px) 100vw, 1024px\" \/><\/figure>\n<\/div>\n\n\n\n<div class=\"wp-block-column is-layout-flow wp-block-column-is-layout-flow\">\n<figure class=\"wp-block-image size-large has-custom-border\"><img loading=\"lazy\" decoding=\"async\" width=\"1024\" height=\"683\" src=\"https:\/\/dr-ayed-sirine-medecin-dentistes.com\/wp-content\/uploads\/2023\/10\/pexels-karolina-grabowska-6627569-1024x683.jpg\" alt=\"\" class=\"wp-image-386\" style=\"border-style:none;border-width:0px;border-radius:38px\" srcset=\"https:\/\/dr-ayed-sirine-medecin-dentistes.com\/wp-content\/uploads\/2023\/10\/pexels-karolina-grabowska-6627569-1024x683.jpg 1024w, https:\/\/dr-ayed-sirine-medecin-dentistes.com\/wp-content\/uploads\/2023\/10\/pexels-karolina-grabowska-6627569-300x200.jpg 300w, https:\/\/dr-ayed-sirine-medecin-dentistes.com\/wp-content\/uploads\/2023\/10\/pexels-karolina-grabowska-6627569-768x512.jpg 768w, https:\/\/dr-ayed-sirine-medecin-dentistes.com\/wp-content\/uploads\/2023\/10\/pexels-karolina-grabowska-6627569-1536x1024.jpg 1536w, https:\/\/dr-ayed-sirine-medecin-dentistes.com\/wp-content\/uploads\/2023\/10\/pexels-karolina-grabowska-6627569-2048x1365.jpg 2048w\" sizes=\"auto, (max-width: 1024px) 100vw, 1024px\" \/><\/figure>\n<\/div>\n<\/div>\n","protected":false},"excerpt":{"rendered":"<p>Notre cabinet dentaire propose une gamme compl\u00e8te de services de chirurgie dentaire pour r\u00e9pondre \u00e0 vos besoins sp\u00e9cifiques. Parmi nos offres, vous trouverez les suivantes : Extractions Dentaires : Les extractions dentaires consistent \u00e0 retirer une ou plusieurs dents lorsque celles-ci sont gravement endommag\u00e9es, infect\u00e9es ou lorsque leur extraction est n\u00e9cessaire pour cr\u00e9er de l&#8217;espace [&hellip;]<\/p>\n","protected":false},"author":1,"featured_media":0,"parent":19,"menu_order":4,"comment_status":"closed","ping_status":"closed","template":"","meta":{"footnotes":""},"class_list":["post-383","page","type-page","status-publish","hentry"],"_links":{"self":[{"href":"https:\/\/dr-ayed-sirine-medecin-dentistes.com\/index.php\/wp-json\/wp\/v2\/pages\/383","targetHints":{"allow":["GET"]}}],"collection":[{"href":"https:\/\/dr-ayed-sirine-medecin-dentistes.com\/index.php\/wp-json\/wp\/v2\/pages"}],"about":[{"href":"https:\/\/dr-ayed-sirine-medecin-dentistes.com\/index.php\/wp-json\/wp\/v2\/types\/page"}],"author":[{"embeddable":true,"href":"https:\/\/dr-ayed-sirine-medecin-dentistes.com\/index.php\/wp-json\/wp\/v2\/users\/1"}],"replies":[{"embeddable":true,"href":"https:\/\/dr-ayed-sirine-medecin-dentistes.com\/index.php\/wp-json\/wp\/v2\/comments?post=383"}],"version-history":[{"count":17,"href":"https:\/\/dr-ayed-sirine-medecin-dentistes.com\/index.php\/wp-json\/wp\/v2\/pages\/383\/revisions"}],"predecessor-version":[{"id":658,"href":"https:\/\/dr-ayed-sirine-medecin-dentistes.com\/index.php\/wp-json\/wp\/v2\/pages\/383\/revisions\/658"}],"up":[{"embeddable":true,"href":"https:\/\/dr-ayed-sirine-medecin-dentistes.com\/index.php\/wp-json\/wp\/v2\/pages\/19"}],"wp:attachment":[{"href":"https:\/\/dr-ayed-sirine-medecin-dentistes.com\/index.php\/wp-json\/wp\/v2\/media?parent=383"}],"curies":[{"name":"wp","href":"https:\/\/api.w.org\/{rel}","templated":true}]}}