{"id":352,"date":"2023-10-02T00:08:08","date_gmt":"2023-10-02T00:08:08","guid":{"rendered":"https:\/\/dr-ayed-sirine-medecin-dentistes.com\/?page_id=352"},"modified":"2023-10-04T10:58:50","modified_gmt":"2023-10-04T10:58:50","slug":"restaurations-dentaires","status":"publish","type":"page","link":"https:\/\/dr-ayed-sirine-medecin-dentistes.com\/index.php\/a-propos-de-nous\/restaurations-dentaires\/","title":{"rendered":"Restaurations Dentaires"},"content":{"rendered":"\n<div class=\"wp-block-columns is-layout-flex wp-container-core-columns-is-layout-9d6595d7 wp-block-columns-is-layout-flex\">\n<div class=\"wp-block-column is-layout-flow wp-block-column-is-layout-flow\" style=\"flex-basis:66.66%\">\n<!DOCTYPE html>\n<html>\n<head>\n<\/head>\n<body>\n  <p style=\"text-align: justify;\">\n    Nos services de restaurations dentaires offrent des solutions efficaces pour restaurer la sant\u00e9 et l&#8217;apparence de vos dents. Deux des options les plus couramment utilis\u00e9es sont les suivantes :\n  <\/p>\n\n  <h2 style=\"text-align: left;\">Obturations Dentaires :<\/h2>\n  <p style=\"text-align: justify;\">\n    Les obturations dentaires, souvent appel\u00e9es plombages, sont une r\u00e9ponse essentielle \u00e0 la pr\u00e9sence de caries dentaires. Ces cavit\u00e9s r\u00e9sultent de la d\u00e9t\u00e9rioration de la dent due \u00e0 la carie, et elles n\u00e9cessitent une intervention pour \u00e9viter leur propagation. Lors de cette proc\u00e9dure, notre \u00e9quipe exp\u00e9riment\u00e9e retire la partie endommag\u00e9e de la dent et la remplace par un mat\u00e9riau de restauration durable. Non seulement les obturations dentaires permettent de stopper la progression de la carie, mais elles restaurent \u00e9galement l&#8217;int\u00e9grit\u00e9 de la dent, pr\u00e9venant ainsi toute perte de structure dentaire. Notre cabinet propose des obturations de qualit\u00e9 sup\u00e9rieure qui assurent la pr\u00e9servation de votre sourire.\n  <\/p>\n\n  <h2 style=\"text-align: left;\">Couronnes Dentaires :<\/h2>\n  <p style=\"text-align: justify;\">\n    Les couronnes dentaires sont des restaurations compl\u00e8tes qui recouvrent enti\u00e8rement une dent qui est endommag\u00e9e, affaiblie ou d\u00e9form\u00e9e. Elles sont con\u00e7ues pour r\u00e9tablir la forme, la fonction et l&#8217;apparence de la dent. Les couronnes dentaires sont une solution efficace pour les dents qui ne peuvent pas \u00eatre restaur\u00e9es avec des obturations classiques. Elles offrent une protection suppl\u00e9mentaire en enveloppant la dent et en la renfor\u00e7ant contre les contraintes de la mastication. Nos couronnes dentaires sont fabriqu\u00e9es sur mesure pour s&#8217;adapter parfaitement \u00e0 votre dent et \u00e0 votre sourire. Elles sont con\u00e7ues pour \u00eatre esth\u00e9tiquement agr\u00e9ables tout en r\u00e9tablissant la fonction masticatoire.\n  <\/p>\n\n  <p style=\"text-align: justify;\">\n    Que ce soit pour restaurer une dent cari\u00e9e avec des obturations dentaires ou pour renforcer une dent endommag\u00e9e avec une couronne dentaire, notre \u00e9quipe d\u00e9di\u00e9e est r\u00e9solue \u00e0 vous offrir des solutions de restauration dentaire de qualit\u00e9 sup\u00e9rieure. Nous visons \u00e0 pr\u00e9server la sant\u00e9 de vos dents tout en pr\u00e9servant la beaut\u00e9 de votre sourire.\n  <\/p>\n<\/body>\n<\/html>\n<\/div>\n\n\n\n<div class=\"wp-block-column is-layout-flow wp-block-column-is-layout-flow\"><\/div>\n\n\n\n<div class=\"wp-block-column is-layout-flow wp-block-column-is-layout-flow\" style=\"flex-basis:33.33%\">\n<figure class=\"wp-block-image size-large is-resized has-custom-border is-style-rounded\"><img loading=\"lazy\" decoding=\"async\" src=\"http:\/\/dr-ayed-sirine-medecin-dentistes.com\/wp-content\/uploads\/2023\/10\/jeune-femme-photo-studio-mal-dents-isolee-fond-jaune-1024x683.jpg\" alt=\"\" class=\"wp-image-362\" style=\"border-style:none;border-width:0px;border-radius:50px;width:370px;height:247px\" width=\"370\" height=\"247\" srcset=\"https:\/\/dr-ayed-sirine-medecin-dentistes.com\/wp-content\/uploads\/2023\/10\/jeune-femme-photo-studio-mal-dents-isolee-fond-jaune-1024x683.jpg 1024w, https:\/\/dr-ayed-sirine-medecin-dentistes.com\/wp-content\/uploads\/2023\/10\/jeune-femme-photo-studio-mal-dents-isolee-fond-jaune-300x200.jpg 300w, https:\/\/dr-ayed-sirine-medecin-dentistes.com\/wp-content\/uploads\/2023\/10\/jeune-femme-photo-studio-mal-dents-isolee-fond-jaune-768x512.jpg 768w, https:\/\/dr-ayed-sirine-medecin-dentistes.com\/wp-content\/uploads\/2023\/10\/jeune-femme-photo-studio-mal-dents-isolee-fond-jaune-1536x1024.jpg 1536w, https:\/\/dr-ayed-sirine-medecin-dentistes.com\/wp-content\/uploads\/2023\/10\/jeune-femme-photo-studio-mal-dents-isolee-fond-jaune-2048x1365.jpg 2048w\" sizes=\"auto, (max-width: 370px) 100vw, 370px\" \/><\/figure>\n\n\n<div class=\"wp-block-image is-style-rounded\">\n<figure class=\"aligncenter size-large is-resized\"><img loading=\"lazy\" decoding=\"async\" src=\"https:\/\/dr-ayed-sirine-medecin-dentistes.com\/wp-content\/uploads\/2023\/10\/55048-845x1024.jpg\" alt=\"\" class=\"wp-image-367\" style=\"width:273px;height:330px\" width=\"273\" height=\"330\" srcset=\"https:\/\/dr-ayed-sirine-medecin-dentistes.com\/wp-content\/uploads\/2023\/10\/55048-845x1024.jpg 845w, https:\/\/dr-ayed-sirine-medecin-dentistes.com\/wp-content\/uploads\/2023\/10\/55048-248x300.jpg 248w, https:\/\/dr-ayed-sirine-medecin-dentistes.com\/wp-content\/uploads\/2023\/10\/55048-768x930.jpg 768w, https:\/\/dr-ayed-sirine-medecin-dentistes.com\/wp-content\/uploads\/2023\/10\/55048-1268x1536.jpg 1268w, https:\/\/dr-ayed-sirine-medecin-dentistes.com\/wp-content\/uploads\/2023\/10\/55048-1690x2048.jpg 1690w\" sizes=\"auto, (max-width: 273px) 100vw, 273px\" \/><\/figure>\n<\/div><\/div>\n<\/div>\n\n\n\n<p class=\"has-text-align-right\"><\/p>\n\n\n\n<div class=\"wp-block-columns is-layout-flex wp-container-core-columns-is-layout-9d6595d7 wp-block-columns-is-layout-flex\">\n<div class=\"wp-block-column is-vertically-aligned-center is-layout-flow wp-block-column-is-layout-flow\"><div class=\"wp-block-image is-style-rounded\">\n<figure class=\"aligncenter size-large is-resized has-custom-border\"><img loading=\"lazy\" decoding=\"async\" src=\"https:\/\/dr-ayed-sirine-medecin-dentistes.com\/wp-content\/uploads\/2023\/10\/Capture-decran-2023-10-02-a-14.50.01-1024x576.png\" alt=\"\" class=\"wp-image-505\" style=\"border-radius:59px;width:668px;height:376px\" width=\"668\" height=\"376\" srcset=\"https:\/\/dr-ayed-sirine-medecin-dentistes.com\/wp-content\/uploads\/2023\/10\/Capture-decran-2023-10-02-a-14.50.01-1024x576.png 1024w, https:\/\/dr-ayed-sirine-medecin-dentistes.com\/wp-content\/uploads\/2023\/10\/Capture-decran-2023-10-02-a-14.50.01-300x169.png 300w, https:\/\/dr-ayed-sirine-medecin-dentistes.com\/wp-content\/uploads\/2023\/10\/Capture-decran-2023-10-02-a-14.50.01-768x432.png 768w, https:\/\/dr-ayed-sirine-medecin-dentistes.com\/wp-content\/uploads\/2023\/10\/Capture-decran-2023-10-02-a-14.50.01-1536x864.png 1536w, https:\/\/dr-ayed-sirine-medecin-dentistes.com\/wp-content\/uploads\/2023\/10\/Capture-decran-2023-10-02-a-14.50.01.png 1806w\" sizes=\"auto, (max-width: 668px) 100vw, 668px\" \/><\/figure>\n<\/div><\/div>\n<\/div>\n","protected":false},"excerpt":{"rendered":"<p>Nos services de restaurations dentaires offrent des solutions efficaces pour restaurer la sant\u00e9 et l&#8217;apparence de vos dents. Deux des options les plus couramment utilis\u00e9es sont les suivantes : Obturations Dentaires : Les obturations dentaires, souvent appel\u00e9es plombages, sont une r\u00e9ponse essentielle \u00e0 la pr\u00e9sence de caries dentaires. Ces cavit\u00e9s r\u00e9sultent de la d\u00e9t\u00e9rioration de [&hellip;]<\/p>\n","protected":false},"author":1,"featured_media":0,"parent":19,"menu_order":2,"comment_status":"closed","ping_status":"closed","template":"","meta":{"footnotes":""},"class_list":["post-352","page","type-page","status-publish","hentry"],"_links":{"self":[{"href":"https:\/\/dr-ayed-sirine-medecin-dentistes.com\/index.php\/wp-json\/wp\/v2\/pages\/352","targetHints":{"allow":["GET"]}}],"collection":[{"href":"https:\/\/dr-ayed-sirine-medecin-dentistes.com\/index.php\/wp-json\/wp\/v2\/pages"}],"about":[{"href":"https:\/\/dr-ayed-sirine-medecin-dentistes.com\/index.php\/wp-json\/wp\/v2\/types\/page"}],"author":[{"embeddable":true,"href":"https:\/\/dr-ayed-sirine-medecin-dentistes.com\/index.php\/wp-json\/wp\/v2\/users\/1"}],"replies":[{"embeddable":true,"href":"https:\/\/dr-ayed-sirine-medecin-dentistes.com\/index.php\/wp-json\/wp\/v2\/comments?post=352"}],"version-history":[{"count":26,"href":"https:\/\/dr-ayed-sirine-medecin-dentistes.com\/index.php\/wp-json\/wp\/v2\/pages\/352\/revisions"}],"predecessor-version":[{"id":631,"href":"https:\/\/dr-ayed-sirine-medecin-dentistes.com\/index.php\/wp-json\/wp\/v2\/pages\/352\/revisions\/631"}],"up":[{"embeddable":true,"href":"https:\/\/dr-ayed-sirine-medecin-dentistes.com\/index.php\/wp-json\/wp\/v2\/pages\/19"}],"wp:attachment":[{"href":"https:\/\/dr-ayed-sirine-medecin-dentistes.com\/index.php\/wp-json\/wp\/v2\/media?parent=352"}],"curies":[{"name":"wp","href":"https:\/\/api.w.org\/{rel}","templated":true}]}}