{"id":330,"date":"2023-10-01T23:28:32","date_gmt":"2023-10-01T23:28:32","guid":{"rendered":"https:\/\/dr-ayed-sirine-medecin-dentistes.com\/?page_id=330"},"modified":"2023-10-04T11:07:43","modified_gmt":"2023-10-04T11:07:43","slug":"soins-cosmetiques-dentaires","status":"publish","type":"page","link":"https:\/\/dr-ayed-sirine-medecin-dentistes.com\/index.php\/a-propos-de-nous\/soins-cosmetiques-dentaires\/","title":{"rendered":"Soins Cosm\u00e9tiques Dentaires"},"content":{"rendered":"\n<div class=\"wp-block-columns is-layout-flex wp-container-core-columns-is-layout-9d6595d7 wp-block-columns-is-layout-flex\">\n<div class=\"wp-block-column is-layout-flow wp-block-column-is-layout-flow\" style=\"flex-basis:66.66%\">\n<!DOCTYPE html>\n<html>\n<head>\n<\/head>\n<body>\n  <p style=\"text-align: justify;\">\n    Nos soins cosm\u00e9tiques dentaires sont sp\u00e9cialement con\u00e7us pour vous offrir un sourire \u00e9clatant et confiant, tout en am\u00e9liorant l&#8217;esth\u00e9tique de vos dents. Parmi ces options, deux proc\u00e9dures se d\u00e9marquent :\n  <\/p>\n\n  <h2 style=\"text-align: left;\">Blanchiment Dentaire :<\/h2>\n  <p style=\"text-align: justify;\">\n    Le blanchiment dentaire est une proc\u00e9dure de pointe visant \u00e0 \u00e9claircir la teinte de vos dents. Au fil du temps, divers facteurs tels que la consommation de caf\u00e9, de th\u00e9 ou de tabac peuvent entra\u00eener des taches ou un assombrissement des dents. Notre cabinet dentaire propose des solutions de blanchiment dentaire professionnelles qui offrent des r\u00e9sultats remarquables. Nos professionnels exp\u00e9riment\u00e9s veillent \u00e0 ce que cette proc\u00e9dure soit \u00e0 la fois efficace et s\u00e9curitaire, minimisant ainsi tout risque d&#8217;irritation des gencives. Avec notre expertise, vous pouvez vous attendre \u00e0 un sourire plus lumineux et plus attrayant.\n  <\/p>\n\n  <h2 style=\"text-align: left;\">Facettes Dentaires :<\/h2>\n  <p style=\"text-align: justify;\">\n    Les facettes dentaires sont des rev\u00eatements minces en porcelaine ou en composite, con\u00e7us pour masquer diverses imperfections dentaires, telles que les \u00e9br\u00e9chures, la d\u00e9coloration, les malpositions ou les espaces ind\u00e9sirables entre les dents. Nos facettes dentaires personnalis\u00e9es sont con\u00e7ues pour cr\u00e9er un sourire harmonieux et naturel. Notre \u00e9quipe de professionnels dentaires exp\u00e9riment\u00e9s prend en compte la forme et la teinte de vos dents existantes pour obtenir un r\u00e9sultat esth\u00e9tique parfaitement adapt\u00e9 \u00e0 votre visage. Les facettes dentaires sont une option pris\u00e9e pour quiconque souhaite m\u00e9tamorphoser son sourire sans avoir recours \u00e0 des traitements invasifs.\n  <\/p>\n\n  <p style=\"text-align: justify;\">\n    Que vous optiez pour le blanchiment dentaire pour raviver l&#8217;\u00e9clat de votre sourire ou pour les facettes dentaires pour une transformation compl\u00e8te, notre \u00e9quipe d\u00e9vou\u00e9e est r\u00e9solue \u00e0 vous offrir des r\u00e9sultats saisissants. Vous retrouverez confiance en votre sourire, et c&#8217;est avec assurance que vous pourrez rayonner.\n\n  <\/p>\n<\/body>\n<\/html>\n\n\n<\/div>\n\n\n\n<div class=\"wp-block-column is-layout-flow wp-block-column-is-layout-flow\"><\/div>\n\n\n\n<div class=\"wp-block-column is-layout-flow wp-block-column-is-layout-flow\" style=\"flex-basis:33.33%\">\n<figure class=\"wp-block-image size-large is-resized has-custom-border is-style-default\"><img loading=\"lazy\" decoding=\"async\" src=\"https:\/\/dr-ayed-sirine-medecin-dentistes.com\/wp-content\/uploads\/2023\/10\/mehran-hadad-COOrCB6qqO0-unsplash-1-683x1024.jpg\" alt=\"\" class=\"wp-image-334\" style=\"border-style:none;border-width:0px;border-radius:56px;width:347px;height:521px\" width=\"347\" height=\"521\" srcset=\"https:\/\/dr-ayed-sirine-medecin-dentistes.com\/wp-content\/uploads\/2023\/10\/mehran-hadad-COOrCB6qqO0-unsplash-1-683x1024.jpg 683w, https:\/\/dr-ayed-sirine-medecin-dentistes.com\/wp-content\/uploads\/2023\/10\/mehran-hadad-COOrCB6qqO0-unsplash-1-200x300.jpg 200w, https:\/\/dr-ayed-sirine-medecin-dentistes.com\/wp-content\/uploads\/2023\/10\/mehran-hadad-COOrCB6qqO0-unsplash-1-768x1152.jpg 768w, https:\/\/dr-ayed-sirine-medecin-dentistes.com\/wp-content\/uploads\/2023\/10\/mehran-hadad-COOrCB6qqO0-unsplash-1-1024x1536.jpg 1024w, https:\/\/dr-ayed-sirine-medecin-dentistes.com\/wp-content\/uploads\/2023\/10\/mehran-hadad-COOrCB6qqO0-unsplash-1-1365x2048.jpg 1365w, https:\/\/dr-ayed-sirine-medecin-dentistes.com\/wp-content\/uploads\/2023\/10\/mehran-hadad-COOrCB6qqO0-unsplash-1-scaled.jpg 1707w\" sizes=\"auto, (max-width: 347px) 100vw, 347px\" \/><\/figure>\n<\/div>\n<\/div>\n\n\n\n<p class=\"has-text-align-right\"><\/p>\n\n\n\n<!DOCTYPE html>\n<html>\n<head>\n<\/head>\n<body>\n \n<h2 style=\"text-align: left;\">Hollywood Smile :<\/h2>\n<p style=\"text-align: justify;\">\n    Notre \u00e9quipe d\u00e9vou\u00e9e est sp\u00e9cialis\u00e9e dans la cr\u00e9ation de sourires \u00e9clatants et harmonieux, inspir\u00e9s des ic\u00f4nes d&#8217;Hollywood. La Hollywood Smile est une approche esth\u00e9tique compl\u00e8te qui combine plusieurs traitements dentaires pour transformer votre sourire en un chef-d&#8217;\u0153uvre.\n<\/p>\n\n<p style=\"text-align: justify;\">\n    Nos services de Hollywood Smile comprennent des traitements de blanchiment dentaire avanc\u00e9s pour \u00e9claircir la teinte de vos dents, la pose de facettes dentaires pour corriger les imperfections, et des proc\u00e9dures orthodontiques pour aligner vos dents de mani\u00e8re harmonieuse. Nous personnalisons chaque traitement pour r\u00e9pondre \u00e0 vos besoins uniques, vous offrant ainsi un sourire radieux et confiant.\n<\/p>\n\n<p style=\"text-align: justify;\">\n    La Hollywood Smile est bien plus qu&#8217;une simple proc\u00e9dure esth\u00e9tique. Elle peut transformer votre vie en vous donnant une confiance renouvel\u00e9e en vous-m\u00eame. Si vous r\u00eavez d&#8217;un sourire digne des stars d&#8217;Hollywood, notre \u00e9quipe est l\u00e0 pour vous accompagner \u00e0 chaque \u00e9tape du processus. Contactez-nous d\u00e8s aujourd&#8217;hui pour commencer votre voyage vers un sourire magnifique et \u00e9blouissant.\n<\/p>\n\n  <\/p>\n<\/body>\n<\/html>\n\n\n\n<div class=\"wp-block-columns is-layout-flex wp-container-core-columns-is-layout-9d6595d7 wp-block-columns-is-layout-flex\">\n<div class=\"wp-block-column is-layout-flow wp-block-column-is-layout-flow\"><div class=\"wp-block-image is-style-default\">\n<figure class=\"aligncenter size-large is-resized has-custom-border\"><img loading=\"lazy\" decoding=\"async\" src=\"https:\/\/dr-ayed-sirine-medecin-dentistes.com\/wp-content\/uploads\/2023\/10\/gus-ruballo-OH3AKVadoxE-unsplash-1024x683.jpg\" alt=\"\" class=\"wp-image-336\" style=\"border-style:none;border-width:0px;border-radius:100px;width:232px;height:155px\" width=\"232\" height=\"155\" srcset=\"https:\/\/dr-ayed-sirine-medecin-dentistes.com\/wp-content\/uploads\/2023\/10\/gus-ruballo-OH3AKVadoxE-unsplash-1024x683.jpg 1024w, https:\/\/dr-ayed-sirine-medecin-dentistes.com\/wp-content\/uploads\/2023\/10\/gus-ruballo-OH3AKVadoxE-unsplash-300x200.jpg 300w, https:\/\/dr-ayed-sirine-medecin-dentistes.com\/wp-content\/uploads\/2023\/10\/gus-ruballo-OH3AKVadoxE-unsplash-768x512.jpg 768w, https:\/\/dr-ayed-sirine-medecin-dentistes.com\/wp-content\/uploads\/2023\/10\/gus-ruballo-OH3AKVadoxE-unsplash-1536x1024.jpg 1536w, https:\/\/dr-ayed-sirine-medecin-dentistes.com\/wp-content\/uploads\/2023\/10\/gus-ruballo-OH3AKVadoxE-unsplash-2048x1365.jpg 2048w\" sizes=\"auto, (max-width: 232px) 100vw, 232px\" \/><\/figure>\n<\/div><\/div>\n\n\n\n<div class=\"wp-block-column is-layout-flow wp-block-column-is-layout-flow\"><div class=\"wp-block-image is-style-rounded\">\n<figure class=\"aligncenter size-full is-resized\"><img loading=\"lazy\" decoding=\"async\" src=\"http:\/\/dr-ayed-sirine-medecin-dentistes.com\/wp-content\/uploads\/2023\/10\/pexels-alexander-dummer-1912868-2.jpg\" alt=\"\" class=\"wp-image-340\" style=\"width:234px;height:156px\" width=\"234\" height=\"156\"\/><\/figure>\n<\/div><\/div>\n\n\n\n<div class=\"wp-block-column is-layout-flow wp-block-column-is-layout-flow\"><div class=\"wp-block-image is-style-rounded\">\n<figure class=\"aligncenter size-large is-resized has-custom-border\"><img loading=\"lazy\" decoding=\"async\" src=\"https:\/\/dr-ayed-sirine-medecin-dentistes.com\/wp-content\/uploads\/2023\/10\/portrait-young-woman-1024x683.jpg\" alt=\"\" class=\"wp-image-483\" style=\"border-radius:65px;width:221px;height:147px\" width=\"221\" height=\"147\" srcset=\"https:\/\/dr-ayed-sirine-medecin-dentistes.com\/wp-content\/uploads\/2023\/10\/portrait-young-woman-1024x683.jpg 1024w, https:\/\/dr-ayed-sirine-medecin-dentistes.com\/wp-content\/uploads\/2023\/10\/portrait-young-woman-300x200.jpg 300w, https:\/\/dr-ayed-sirine-medecin-dentistes.com\/wp-content\/uploads\/2023\/10\/portrait-young-woman-768x512.jpg 768w, https:\/\/dr-ayed-sirine-medecin-dentistes.com\/wp-content\/uploads\/2023\/10\/portrait-young-woman-1536x1024.jpg 1536w, https:\/\/dr-ayed-sirine-medecin-dentistes.com\/wp-content\/uploads\/2023\/10\/portrait-young-woman-2048x1365.jpg 2048w\" sizes=\"auto, (max-width: 221px) 100vw, 221px\" \/><\/figure>\n<\/div><\/div>\n<\/div>\n\n\n\n<div class=\"wp-block-columns alignfull is-layout-flex wp-container-core-columns-is-layout-9d6595d7 wp-block-columns-is-layout-flex\">\n<div class=\"wp-block-column is-layout-flow wp-block-column-is-layout-flow\" style=\"flex-basis:66.66%\"><\/div>\n\n\n\n<div class=\"wp-block-column is-layout-flow wp-block-column-is-layout-flow\" style=\"flex-basis:33.33%\"><\/div>\n<\/div>\n\n\n\n<div class=\"wp-block-columns is-layout-flex wp-container-core-columns-is-layout-9d6595d7 wp-block-columns-is-layout-flex\">\n<div class=\"wp-block-column is-layout-flow wp-block-column-is-layout-flow\"><\/div>\n\n\n\n<div class=\"wp-block-column is-layout-flow wp-block-column-is-layout-flow\"><\/div>\n\n\n\n<div class=\"wp-block-column is-layout-flow wp-block-column-is-layout-flow\"><\/div>\n<\/div>\n","protected":false},"excerpt":{"rendered":"<p>Nos soins cosm\u00e9tiques dentaires sont sp\u00e9cialement con\u00e7us pour vous offrir un sourire \u00e9clatant et confiant, tout en am\u00e9liorant l&#8217;esth\u00e9tique de vos dents. Parmi ces options, deux proc\u00e9dures se d\u00e9marquent : Blanchiment Dentaire : Le blanchiment dentaire est une proc\u00e9dure de pointe visant \u00e0 \u00e9claircir la teinte de vos dents. Au fil du temps, divers facteurs [&hellip;]<\/p>\n","protected":false},"author":1,"featured_media":0,"parent":19,"menu_order":3,"comment_status":"closed","ping_status":"closed","template":"","meta":{"footnotes":""},"class_list":["post-330","page","type-page","status-publish","hentry"],"_links":{"self":[{"href":"https:\/\/dr-ayed-sirine-medecin-dentistes.com\/index.php\/wp-json\/wp\/v2\/pages\/330","targetHints":{"allow":["GET"]}}],"collection":[{"href":"https:\/\/dr-ayed-sirine-medecin-dentistes.com\/index.php\/wp-json\/wp\/v2\/pages"}],"about":[{"href":"https:\/\/dr-ayed-sirine-medecin-dentistes.com\/index.php\/wp-json\/wp\/v2\/types\/page"}],"author":[{"embeddable":true,"href":"https:\/\/dr-ayed-sirine-medecin-dentistes.com\/index.php\/wp-json\/wp\/v2\/users\/1"}],"replies":[{"embeddable":true,"href":"https:\/\/dr-ayed-sirine-medecin-dentistes.com\/index.php\/wp-json\/wp\/v2\/comments?post=330"}],"version-history":[{"count":29,"href":"https:\/\/dr-ayed-sirine-medecin-dentistes.com\/index.php\/wp-json\/wp\/v2\/pages\/330\/revisions"}],"predecessor-version":[{"id":650,"href":"https:\/\/dr-ayed-sirine-medecin-dentistes.com\/index.php\/wp-json\/wp\/v2\/pages\/330\/revisions\/650"}],"up":[{"embeddable":true,"href":"https:\/\/dr-ayed-sirine-medecin-dentistes.com\/index.php\/wp-json\/wp\/v2\/pages\/19"}],"wp:attachment":[{"href":"https:\/\/dr-ayed-sirine-medecin-dentistes.com\/index.php\/wp-json\/wp\/v2\/media?parent=330"}],"curies":[{"name":"wp","href":"https:\/\/api.w.org\/{rel}","templated":true}]}}