{"id":17,"date":"2023-09-28T21:50:28","date_gmt":"2023-09-28T21:50:28","guid":{"rendered":"https:\/\/dr-ayed-sirine-medecin-dentistes.com\/?page_id=17"},"modified":"2023-10-02T13:59:10","modified_gmt":"2023-10-02T13:59:10","slug":"a-propos-de-dr-sirine-ayed","status":"publish","type":"page","link":"https:\/\/dr-ayed-sirine-medecin-dentistes.com\/","title":{"rendered":"\u00c0 Propos"},"content":{"rendered":"\n<div class=\"wp-block-columns is-layout-flex wp-container-core-columns-is-layout-9d6595d7 wp-block-columns-is-layout-flex\">\n<div class=\"wp-block-column is-layout-flow wp-block-column-is-layout-flow\" style=\"flex-basis:66.66%\">\n<p style=\"text-align: justify;\">\n  Bienvenue au Cabinet Dentaire de la Dr. Sirine Ayed, un lieu d\u00e9di\u00e9 \u00e0 votre sant\u00e9 bucco-dentaire, dirig\u00e9 par une professionnelle passionn\u00e9e qui se consacre enti\u00e8rement au bien-\u00eatre et \u00e0 l&#8217;\u00e9clat de votre sourire.\n<\/p>\n\n<p style=\"text-align: justify;\">\n  La Dr. Sirine Ayed ne se contente pas d&#8217;\u00eatre une dentiste qualifi\u00e9e, elle incarne \u00e9galement une approche dynamique et engag\u00e9e de la dentisterie, ax\u00e9e sur l&#8217;am\u00e9lioration de la sant\u00e9 dentaire et la transformation des sourires de ses patients. Avec une expertise internationale et une solide exp\u00e9rience, elle excelle dans divers domaines dentaires, notamment les facettes et l&#8217;orthodontie. Ce qui la distingue v\u00e9ritablement, c&#8217;est sa capacit\u00e9 \u00e0 marier sa formation de pointe \u00e0 une approche chaleureuse et empathique.\n<\/p>\n\n<p style=\"text-align: justify;\">\n  Nous comprenons que chaque patient est unique. C&#8217;est pourquoi la Dr. Sirine Ayed attache une grande importance \u00e0 l&#8217;\u00e9coute attentive des besoins, des pr\u00e9occupations et des objectifs de chaque individu qu&#8217;elle rencontre. Ses traitements sont enti\u00e8rement personnalis\u00e9s pour r\u00e9pondre aux besoins sp\u00e9cifiques de chaque patient, garantissant ainsi des r\u00e9sultats optimaux et durables.\n<\/p>\n\n<p style=\"text-align: justify;\">\n  Notre cabinet dentaire est bien plus qu&#8217;un simple \u00e9tablissement de soins dentaires. C&#8217;est un espace accueillant et confortable o\u00f9 nos patients se sentent \u00e0 l&#8217;aise d\u00e8s leur entr\u00e9e. Nous nous engageons \u00e0 cr\u00e9er un environnement propice \u00e0 votre bien-\u00eatre, o\u00f9 votre sourire et votre sant\u00e9 bucco-dentaire sont notre priorit\u00e9 absolue.\n<\/p>\n<\/div>\n\n\n\n<div class=\"wp-block-column is-layout-flow wp-block-column-is-layout-flow\" style=\"flex-basis:33.33%\">\n<figure class=\"wp-block-image size-large has-custom-border is-style-rounded\"><img loading=\"lazy\" decoding=\"async\" width=\"1024\" height=\"768\" src=\"https:\/\/dr-ayed-sirine-medecin-dentistes.com\/wp-content\/uploads\/2023\/10\/IMG_1081-1024x768.png\" alt=\"\" class=\"wp-image-380\" style=\"border-style:none;border-width:0px;border-radius:100px\" srcset=\"https:\/\/dr-ayed-sirine-medecin-dentistes.com\/wp-content\/uploads\/2023\/10\/IMG_1081-1024x768.png 1024w, https:\/\/dr-ayed-sirine-medecin-dentistes.com\/wp-content\/uploads\/2023\/10\/IMG_1081-300x225.png 300w, https:\/\/dr-ayed-sirine-medecin-dentistes.com\/wp-content\/uploads\/2023\/10\/IMG_1081-768x576.png 768w, https:\/\/dr-ayed-sirine-medecin-dentistes.com\/wp-content\/uploads\/2023\/10\/IMG_1081-1536x1152.png 1536w, https:\/\/dr-ayed-sirine-medecin-dentistes.com\/wp-content\/uploads\/2023\/10\/IMG_1081-2048x1536.png 2048w\" sizes=\"auto, (max-width: 1024px) 100vw, 1024px\" \/><\/figure>\n\n\n\n<p class=\"has-text-align-center\">Bienvenue au Cabinet Dentaire du Dr. Sirine Ayed <\/p>\n\n\n\n<p class=\"has-text-align-center\"><em><strong>O\u00f9 l&#8217;Expertise Dentaire Rencontre la Passion pour Votre Sourire<\/strong><\/em><\/p>\n<\/div>\n<\/div>\n\n\n\n<p class=\"has-text-align-right\"><\/p>\n","protected":false},"excerpt":{"rendered":"<p>Bienvenue au Cabinet Dentaire de la Dr. Sirine Ayed, un lieu d\u00e9di\u00e9 \u00e0 votre sant\u00e9 bucco-dentaire, dirig\u00e9 par une professionnelle passionn\u00e9e qui se consacre enti\u00e8rement au bien-\u00eatre et \u00e0 l&#8217;\u00e9clat de votre sourire. La Dr. Sirine Ayed ne se contente pas d&#8217;\u00eatre une dentiste qualifi\u00e9e, elle incarne \u00e9galement une approche dynamique et engag\u00e9e de la [&hellip;]<\/p>\n","protected":false},"author":1,"featured_media":0,"parent":0,"menu_order":0,"comment_status":"closed","ping_status":"closed","template":"","meta":{"footnotes":""},"class_list":["post-17","page","type-page","status-publish","hentry"],"_links":{"self":[{"href":"https:\/\/dr-ayed-sirine-medecin-dentistes.com\/index.php\/wp-json\/wp\/v2\/pages\/17","targetHints":{"allow":["GET"]}}],"collection":[{"href":"https:\/\/dr-ayed-sirine-medecin-dentistes.com\/index.php\/wp-json\/wp\/v2\/pages"}],"about":[{"href":"https:\/\/dr-ayed-sirine-medecin-dentistes.com\/index.php\/wp-json\/wp\/v2\/types\/page"}],"author":[{"embeddable":true,"href":"https:\/\/dr-ayed-sirine-medecin-dentistes.com\/index.php\/wp-json\/wp\/v2\/users\/1"}],"replies":[{"embeddable":true,"href":"https:\/\/dr-ayed-sirine-medecin-dentistes.com\/index.php\/wp-json\/wp\/v2\/comments?post=17"}],"version-history":[{"count":34,"href":"https:\/\/dr-ayed-sirine-medecin-dentistes.com\/index.php\/wp-json\/wp\/v2\/pages\/17\/revisions"}],"predecessor-version":[{"id":507,"href":"https:\/\/dr-ayed-sirine-medecin-dentistes.com\/index.php\/wp-json\/wp\/v2\/pages\/17\/revisions\/507"}],"wp:attachment":[{"href":"https:\/\/dr-ayed-sirine-medecin-dentistes.com\/index.php\/wp-json\/wp\/v2\/media?parent=17"}],"curies":[{"name":"wp","href":"https:\/\/api.w.org\/{rel}","templated":true}]}}